{"id":5270,"date":"2022-04-10T06:30:39","date_gmt":"2022-04-10T04:30:39","guid":{"rendered":"https:\/\/gsalden.folkwang-uni.de\/?page_id=5270"},"modified":"2022-04-10T06:40:19","modified_gmt":"2022-04-10T04:40:19","slug":"gaestebuch","status":"publish","type":"page","link":"https:\/\/gsalden.folkwang-uni.de\/index.php\/gaestebuch\/","title":{"rendered":"G\u00e4stebuch"},"content":{"rendered":"<hr class=\"wp-block-separator\">\n\n\n\n<h2 class=\"has-text-align-center wp-block-heading\" id=\"headline-h2\">Feedback<\/h2>\n\n\n\n<p>Wir sind auf Ihr Feedback angewiesen und w&uuml;rden uns sehr freuen, wenn Sie uns etwas ins G&auml;stebuch schreiben w&uuml;rden! <br>Das G&auml;stebuch finden Sie hier, oder auf der Plattform im Caf&eacute;.<br>F&uuml;r alle weiteren Fragen finden Sie Hilfe auf unserer virtuellen Plattform.<\/p>\n\n\n\n<p><br>Viel&nbsp;Spa&szlig;!<\/p>\n\n\n\n<hr class=\"wp-block-separator is-style-default\">\n","protected":false},"excerpt":{"rendered":"<p>Feedback Wir sind auf Ihr Feedback angewiesen und w\u00fcrden uns sehr freuen, wenn Sie uns etwas ins G\u00e4stebuch schreiben w\u00fcrden! Das G\u00e4stebuch finden Sie hier, oder auf der Plattform im Caf\u00e9.F\u00fcr alle weiteren Fragen finden Sie Hilfe auf unserer virtuellen Plattform. Viel&nbsp;Spa\u00df!<\/p>\n","protected":false},"author":1,"featured_media":3207,"parent":0,"menu_order":0,"comment_status":"open","ping_status":"closed","template":"","meta":{"inline_featured_image":false,"footnotes":""},"class_list":["post-5270","page","type-page","status-publish","has-post-thumbnail","hentry"],"_links":{"self":[{"href":"https:\/\/gsalden.folkwang-uni.de\/index.php\/wp-json\/wp\/v2\/pages\/5270","targetHints":{"allow":["GET"]}}],"collection":[{"href":"https:\/\/gsalden.folkwang-uni.de\/index.php\/wp-json\/wp\/v2\/pages"}],"about":[{"href":"https:\/\/gsalden.folkwang-uni.de\/index.php\/wp-json\/wp\/v2\/types\/page"}],"author":[{"embeddable":true,"href":"https:\/\/gsalden.folkwang-uni.de\/index.php\/wp-json\/wp\/v2\/users\/1"}],"replies":[{"embeddable":true,"href":"https:\/\/gsalden.folkwang-uni.de\/index.php\/wp-json\/wp\/v2\/comments?post=5270"}],"version-history":[{"count":4,"href":"https:\/\/gsalden.folkwang-uni.de\/index.php\/wp-json\/wp\/v2\/pages\/5270\/revisions"}],"predecessor-version":[{"id":5279,"href":"https:\/\/gsalden.folkwang-uni.de\/index.php\/wp-json\/wp\/v2\/pages\/5270\/revisions\/5279"}],"wp:featuredmedia":[{"embeddable":true,"href":"https:\/\/gsalden.folkwang-uni.de\/index.php\/wp-json\/wp\/v2\/media\/3207"}],"wp:attachment":[{"href":"https:\/\/gsalden.folkwang-uni.de\/index.php\/wp-json\/wp\/v2\/media?parent=5270"}],"curies":[{"name":"wp","href":"https:\/\/api.w.org\/{rel}","templated":true}]}}