{"id":5243,"date":"2022-04-09T06:49:10","date_gmt":"2022-04-09T04:49:10","guid":{"rendered":"https:\/\/gsalden.folkwang-uni.de\/?page_id=5243"},"modified":"2022-05-01T05:02:06","modified_gmt":"2022-05-01T03:02:06","slug":"how-to-gather","status":"publish","type":"page","link":"https:\/\/gsalden.folkwang-uni.de\/index.php\/how-to-gather\/","title":{"rendered":"How to Gather"},"content":{"rendered":"<h5 class=\"wp-block-heading\"><strong>Das Wichtigste in K&#xFC;rze<\/strong><\/h5>\n\n\n\n<ol class=\"wp-block-list\"><li>Eingeschr&auml;nkte Funktionalit&auml;t bei Smartphones<\/li><li>Browserunterst&uuml;tzung Chrome, Safari, Edge<\/li><li>Kopfh&ouml;rer benutzen<\/li><li>Mikrofon in Veranstaltungen ausschalten<\/li><li>Fragen am Infostand loswerden<\/li><li>Rotorangene Bereiche zeigen einen Ortswechsel an<\/li><li>Gelbliche Bereiche zeigen Interaktivit&auml;t an (mit x aktivieren)<\/li><li>Zur&uuml;cksetzen zum Beginn &uuml;ber Ihren Namen unten (Respawn)<\/li><\/ol>\n\n\n\n<div style=\"height:50px\" aria-hidden=\"true\" class=\"wp-block-spacer\"><\/div>\n\n\n\n<hr class=\"wp-block-separator\">\n\n\n\n<h2 class=\"wp-block-heading\">Tipps zur&#xA0;Nutzung von Gather<\/h2>\n\n\n\n<h5 class=\"wp-block-heading\"><strong>Bei Fragen<\/strong><\/h5>\n\n\n\n<p>Auf dem Campus finden Sie w&auml;hrend der Veranstaltungen hilfsbereite Menschen, mit denen Sie sprechen k&ouml;nnen. Um sie zu finden, gehen Sie einfach zum <strong>INFO-Stand<\/strong> auf dem Hof oder zu einem der Telefone, die Sie in fast jedem Raum finden. Sie werden sofort mit einer Person verbunden, die Ihnen hilft. Schalten Sie zum Sprechen Ihr Mikrofon ein.<\/p>\n\n\n\n<figure class=\"wp-block-image size-large is-style-default\"><img loading=\"lazy\" decoding=\"async\" width=\"1024\" height=\"620\" src=\"https:\/\/gsalden.folkwang-uni.de\/wp-content\/uploads\/2022\/04\/Bildschirmfoto-2022-04-09-um-06.07.13-1024x620.png\" alt=\"\" class=\"wp-image-5206\" srcset=\"https:\/\/gsalden.folkwang-uni.de\/wp-content\/uploads\/2022\/04\/Bildschirmfoto-2022-04-09-um-06.07.13-1024x620.png 1024w, https:\/\/gsalden.folkwang-uni.de\/wp-content\/uploads\/2022\/04\/Bildschirmfoto-2022-04-09-um-06.07.13-350x212.png 350w, https:\/\/gsalden.folkwang-uni.de\/wp-content\/uploads\/2022\/04\/Bildschirmfoto-2022-04-09-um-06.07.13-768x465.png 768w, https:\/\/gsalden.folkwang-uni.de\/wp-content\/uploads\/2022\/04\/Bildschirmfoto-2022-04-09-um-06.07.13-1536x930.png 1536w, https:\/\/gsalden.folkwang-uni.de\/wp-content\/uploads\/2022\/04\/Bildschirmfoto-2022-04-09-um-06.07.13-2048x1241.png 2048w\" sizes=\"auto, (max-width: 1024px) 100vw, 1024px\"\/><\/figure>\n\n\n\n<h5 class=\"wp-block-heading\"><strong>Ger&#xE4;te- und&#xA0;Browserwahl<\/strong><\/h5>\n\n\n\n<p><strong>1. F&uuml;r ein optimales Nutzer*innen-Erlebnis, verwenden Sie ein Ger&auml;t mit einer physischen Tastatur<\/strong><\/p>\n\n\n\n<p><strong>2. Verwenden Sie einen Mac oder PC!<\/strong><\/p>\n\n\n\n<p><strong>3. Verwende die Webbrowser Chrome, Edge oder Safari<\/strong><\/p>\n\n\n\n<p>Sie k&ouml;nnen Ihren Avatar in Gather.town mit den <strong>Pfeiltasten<\/strong> auf Deiner Tastatur steuern, w&auml;hrend die Interaktion mit Objekten mit der <strong>x-Taste<\/strong> m&ouml;glich ist. Bei mobilen Endger&auml;ten tippen Sie bitte auf den Bildschirm und ziehen. Die  <strong>x-Taste<\/strong> wird auf dem Screen eingeblendet. Umgebungsger&auml;usche werden nicht &uuml;bertragen. Chrome wird auf Smartphones nicht unterst&uuml;tzt.<\/p>\n\n\n\n<p><strong>Unsere Empfehlung lautet:<br><\/strong>Verwenden Sie bitte einen Mac oder PC &ndash; oder ein Tablet mit einer physischen Tastatur.&nbsp;<\/p>\n\n\n\n<p>Die Leistung von Gather.town kann leider je nach Browserwahl variieren. Wenn Sie also bei der Verwendung von Gather.town eine schlechte Leistung feststellen, k&ouml;nnen Sie zu <strong>Chrome, Edge oder Safari wechseln<\/strong>.<\/p>\n\n\n\n<h5 class=\"wp-block-heading\">Die Farbcodes<\/h5>\n\n\n\n<p>Auf dem Campus sind die Objekte, mit denen Sie interagieren k&ouml;nnen, farblich gekennzeichnet, so dass sie sofort zu erkennen sind. Alles, mit dem Sie <strong>interagieren<\/strong> k&ouml;nnen, ist <strong>gelblich<\/strong> umrandet, w&auml;hrend <strong>Portale<\/strong> zu anderen R&auml;umen <strong>orangerot<\/strong> sind.<\/p>\n\n\n\n<div class=\"wp-block-image is-style-default\"><figure class=\"aligncenter size-large\"><img loading=\"lazy\" decoding=\"async\" width=\"1024\" height=\"788\" src=\"https:\/\/gsalden.folkwang-uni.de\/wp-content\/uploads\/2022\/04\/Bildschirmfoto-2022-04-09-um-06.25.17-1024x788.png\" alt=\"\" class=\"wp-image-5208\" srcset=\"https:\/\/gsalden.folkwang-uni.de\/wp-content\/uploads\/2022\/04\/Bildschirmfoto-2022-04-09-um-06.25.17-1024x788.png 1024w, https:\/\/gsalden.folkwang-uni.de\/wp-content\/uploads\/2022\/04\/Bildschirmfoto-2022-04-09-um-06.25.17-350x269.png 350w, https:\/\/gsalden.folkwang-uni.de\/wp-content\/uploads\/2022\/04\/Bildschirmfoto-2022-04-09-um-06.25.17-768x591.png 768w, https:\/\/gsalden.folkwang-uni.de\/wp-content\/uploads\/2022\/04\/Bildschirmfoto-2022-04-09-um-06.25.17-1536x1183.png 1536w, https:\/\/gsalden.folkwang-uni.de\/wp-content\/uploads\/2022\/04\/Bildschirmfoto-2022-04-09-um-06.25.17.png 1956w\" sizes=\"auto, (max-width: 1024px) 100vw, 1024px\"\/><\/figure><\/div>\n\n\n\n<h5 class=\"wp-block-heading\">Zu Events kommen<\/h5>\n\n\n\n<p>Wenn Sie Probleme haben, einen bestimmten Programmpunkt zu finden, k&ouml;nnen Sie alternativ die Kalenderfunktion von Gather.town nutzen, die Ihnen entweder den Weg zu einer Veranstaltung zeigt oder Sie sogar direkt dorthin teleportiert. In jedem Fall sollten Sie daran denken,<strong> Ihr Mikrofon vorher zu deaktivieren, damit Sie andere nicht st&ouml;ren,<\/strong>&nbsp;die den Livestream vielleicht schon schauen.<br>Der Kalender ist auch eine schnelle und einfache Methode, um herauszufinden, was wann passiert.<br>Um die Teleportfunktion des Kalenders zu nutzen, klicke Sie bitte auf das Kalendersymbol in der Symbolleiste auf der linken Seite (1), dann auf das gew&uuml;nschte Ereignis (2) und dann auf &raquo;Teleportieren&laquo; (3).<\/p>\n\n\n\n<div class=\"wp-block-image is-style-default\"><figure class=\"aligncenter size-full\"><img loading=\"lazy\" decoding=\"async\" width=\"763\" height=\"407\" src=\"https:\/\/gsalden.folkwang-uni.de\/wp-content\/uploads\/2022\/04\/calendar.png\" alt=\"\" class=\"wp-image-5216\" srcset=\"https:\/\/gsalden.folkwang-uni.de\/wp-content\/uploads\/2022\/04\/calendar.png 763w, https:\/\/gsalden.folkwang-uni.de\/wp-content\/uploads\/2022\/04\/calendar-350x187.png 350w\" sizes=\"auto, (max-width: 763px) 100vw, 763px\"\/><\/figure><\/div>\n\n\n\n<h5 class=\"wp-block-heading\">Sie haben eine Auff&#xFC;hrung \/ ein Event verpasst?<\/h5>\n\n\n\n<p>Wenn Sie bei einem Livestream einer Veranstaltung nicht dabei sein konnten oder sie einfach verpasst haben, k&ouml;nnen Sie sich fr&uuml;here Veranstaltungen ansehen, indem sie zum &raquo;Archiv&laquo; gehen, das sich auf dem Innenhof befindet (siehe Abbildung unten), und die Taste <strong>x<\/strong> dr&uuml;cken. Daraufhin &ouml;ffnet sich eine Seite mit den fr&uuml;heren Veranstaltungen, die Sie sich jederzeit ansehen k&ouml;nnen. Es kann einige Zeit dauern, bis eine Veranstaltung, die gerade zu Ende gegangen ist, dem Archiv hinzugef&uuml;gt wird.<\/p>\n\n\n\n<div class=\"wp-block-image is-style-default\"><figure class=\"aligncenter size-large\"><img loading=\"lazy\" decoding=\"async\" width=\"1024\" height=\"723\" src=\"https:\/\/gsalden.folkwang-uni.de\/wp-content\/uploads\/2022\/04\/Bildschirmfoto-2022-04-09-um-06.32.47-1024x723.png\" alt=\"\" class=\"wp-image-5218\" srcset=\"https:\/\/gsalden.folkwang-uni.de\/wp-content\/uploads\/2022\/04\/Bildschirmfoto-2022-04-09-um-06.32.47-1024x723.png 1024w, https:\/\/gsalden.folkwang-uni.de\/wp-content\/uploads\/2022\/04\/Bildschirmfoto-2022-04-09-um-06.32.47-350x247.png 350w, https:\/\/gsalden.folkwang-uni.de\/wp-content\/uploads\/2022\/04\/Bildschirmfoto-2022-04-09-um-06.32.47-768x543.png 768w, https:\/\/gsalden.folkwang-uni.de\/wp-content\/uploads\/2022\/04\/Bildschirmfoto-2022-04-09-um-06.32.47-1536x1085.png 1536w, https:\/\/gsalden.folkwang-uni.de\/wp-content\/uploads\/2022\/04\/Bildschirmfoto-2022-04-09-um-06.32.47.png 1628w\" sizes=\"auto, (max-width: 1024px) 100vw, 1024px\"\/><\/figure><\/div>\n\n\n\n<h5 class=\"wp-block-heading\">Verfolgen Ihrer Begleitung<\/h5>\n\n\n\n<p>Wenn Sie die digitale Ausstellung nicht alleine besuchen, gibt es eine hilfreiche Funktion, mit der Sie automatisch dem Avatar einer anderen Person folgen k&ouml;nnen. Um sie zu aktivieren, klicken Sie zun&auml;chst auf das Symbol &raquo;Teilnehmer&laquo; in der unteren linken Ecke (1), dann auf die Person, der Sie folgen m&ouml;chten (2), und dann auf &raquo;Folgen&laquo; (3).<\/p>\n\n\n\n<div class=\"wp-block-image is-style-default\"><figure class=\"aligncenter size-full\"><img loading=\"lazy\" decoding=\"async\" width=\"605\" height=\"569\" src=\"https:\/\/gsalden.folkwang-uni.de\/wp-content\/uploads\/2022\/04\/follow.png\" alt=\"\" class=\"wp-image-5221\" srcset=\"https:\/\/gsalden.folkwang-uni.de\/wp-content\/uploads\/2022\/04\/follow.png 605w, https:\/\/gsalden.folkwang-uni.de\/wp-content\/uploads\/2022\/04\/follow-350x329.png 350w\" sizes=\"auto, (max-width: 605px) 100vw, 605px\"\/><\/figure><\/div>\n\n\n\n<h5 class=\"wp-block-heading\">Wenn Sie stecken oder h&#xE4;ngen bleiben<\/h5>\n\n\n\n<p>Wenn Ihnen jemand den Weg versperrt und Sie nicht um die Person herumgehen k&ouml;nnen, halten Sie bitte die Taste <strong>g<\/strong> gedr&uuml;ckt, um den <strong>Geistermodus<\/strong> zu aktivieren. Der <strong>Geistermodus<\/strong> erm&ouml;glicht es Ihnen, durch die Avatare durch zu gehen. Wenn Sie au&szlig;erhalb der gekennzeichneten W&auml;nde stecken bleiben und nicht mehr zur&uuml;ck k&ouml;nnen, k&ouml;nnen Sie die Taste <strong>e<\/strong> versuchen, die Sie zur&uuml;ck in den f&uuml;r Besucher vorgesehenen Raum teleportieren sollte. Wenn das nicht funktioniert, klicken Sie bitte auf ihren Benutzernamen in der Karte unten und dann auf Respawn. <\/p>\n\n\n\n<div class=\"wp-block-image is-style-default\"><figure class=\"aligncenter size-full\"><img loading=\"lazy\" decoding=\"async\" width=\"393\" height=\"439\" src=\"https:\/\/gsalden.folkwang-uni.de\/wp-content\/uploads\/2022\/04\/respawn.png\" alt=\"\" class=\"wp-image-5223\" srcset=\"https:\/\/gsalden.folkwang-uni.de\/wp-content\/uploads\/2022\/04\/respawn.png 393w, https:\/\/gsalden.folkwang-uni.de\/wp-content\/uploads\/2022\/04\/respawn-313x350.png 313w\" sizes=\"auto, (max-width: 393px) 100vw, 393px\"\/><\/figure><\/div>\n\n\n\n<h5 class=\"wp-block-heading\">Wenn Sie sich von Ger&#xE4;uschen gest&#xF6;rt f&#xFC;hlen<\/h5>\n\n\n\n<p>Wenn Sie sich durch die Ger&auml;usche anderer Besucher*innen gest&ouml;rt f&uuml;hlen (vor allem bei Events) k&ouml;nnen Sie sie auch stummschalten, indem Sie identifizieren, wer die Ger&auml;usche macht. Ger&auml;usche emittierende Personen werden gr&uuml;n umrandet. Sie k&ouml;nnen dann auf ihr Mikrofonsymbol klicken. Dadurch werden sie nur f&uuml;r Sie stummgeschaltet, aber nicht f&uuml;r andere Nutzer.<\/p>\n\n\n\n<h5 class=\"wp-block-heading\">Wertsch&#xE4;tzung und Reaktionen<\/h5>\n\n\n\n<p>Wenn Sie den Vortragenden oder anderen Personen in Ihrer Umgebung Ihre Anerkennung oder andere Reaktionen mitteilen m&ouml;chten, haben Sie mehrere M&ouml;glichkeiten:<\/p>\n\n\n\n<ul class=\"wp-block-list\"><li>Aktivieren Sie Ihr Mikrofon und klatschen.<\/li><li>Wenn Sie die Taste <strong>z<\/strong> gedr&uuml;ckt halten, wird Ihr Avatar tanzen.<\/li><li>Wenn Sie die <strong>1<\/strong> dr&uuml;cken, erscheint ein Emoji mit einer winkenden Hand &uuml;ber Ihrem Avatar.<\/li><li>Wenn Sie <strong>2<\/strong> dr&uuml;cken, erscheint ein Herz &uuml;ber Ihrem Avatar.<\/li><li>Wenn Sie <strong>3<\/strong> dr&uuml;cken, erscheint ein Emoji mit einem Partyknaller &uuml;ber Ihrem Avatar.<\/li><li>Wenn Sie die Taste <strong>4<\/strong> dr&uuml;cken, erscheint &uuml;ber Ihrem Avatar ein Emoji mit einer Hand, die &raquo;Daumen hoch&laquo; zeigt.<\/li><li>Wenn Sie <strong>5<\/strong> dr&uuml;cken, erscheint ein Fragezeichen &uuml;ber Ihrem Avatar.<\/li><li>Wenn Sie die <strong>6 <\/strong>dr&uuml;cken, erscheint ein Emoji mit einer erhobenen Hand &uuml;ber Ihrem Avatar.<\/li><li>Die oben genannten Emojis sind auch durch Klicken auf das Emoji-Symbol zug&auml;nglich.<\/li><\/ul>\n\n\n\n<div class=\"wp-block-image is-style-default\"><figure class=\"aligncenter size-full\"><img loading=\"lazy\" decoding=\"async\" width=\"394\" height=\"69\" src=\"https:\/\/gsalden.folkwang-uni.de\/wp-content\/uploads\/2022\/04\/emojis.png\" alt=\"\" class=\"wp-image-5232\" srcset=\"https:\/\/gsalden.folkwang-uni.de\/wp-content\/uploads\/2022\/04\/emojis.png 394w, https:\/\/gsalden.folkwang-uni.de\/wp-content\/uploads\/2022\/04\/emojis-350x61.png 350w\" sizes=\"auto, (max-width: 394px) 100vw, 394px\"\/><\/figure><\/div>\n\n\n\n<h5 class=\"wp-block-heading\">Leisen Modus aktivieren.<\/h5>\n\n\n\n<p>Gather zeigt automatisch die Webcam-Videos aller Benutzer in Ihrer N&auml;he an (wenn sie Video aktiviert haben), was Ihren Computer ziemlich belasten kann. Es gibt jedoch eine Option in Gather, mit der die Anzahl der gleichzeitigen Videos auf f&uuml;nf begrenzt werden kann. Wenn Sie also Probleme mit der Leistung haben, k&ouml;nnen Sie in der unteren Leiste auf Ihren Namen klicken (1) und dann &raquo;Ruhemodus einschalten&laquo; (2).<\/p>\n\n\n\n<div class=\"wp-block-image is-style-default\"><figure class=\"aligncenter size-full\"><img loading=\"lazy\" decoding=\"async\" width=\"397\" height=\"447\" src=\"https:\/\/gsalden.folkwang-uni.de\/wp-content\/uploads\/2022\/04\/quiet-mode-1.png\" alt=\"\" class=\"wp-image-5235\" srcset=\"https:\/\/gsalden.folkwang-uni.de\/wp-content\/uploads\/2022\/04\/quiet-mode-1.png 397w, https:\/\/gsalden.folkwang-uni.de\/wp-content\/uploads\/2022\/04\/quiet-mode-1-311x350.png 311w\" sizes=\"auto, (max-width: 397px) 100vw, 397px\"\/><\/figure><\/div>\n\n\n\n<h5 class=\"wp-block-heading\">Smooth movement deaktivieren<\/h5>\n\n\n\n<p>Wenn Sie beim Steuern Ihres Avatars &uuml;ber den Campus und durch andere R&auml;ume eine schlechte Leistung erleben, k&ouml;nnen Sie versuchen, eine Option mit der Bezeichnung &raquo;deactivate smooth movement&laquo; zu setzen.<br>Sie finden sie, indem Sie zuerst auf das Zahnradsymbol klicken, um die Einstellungen aufzurufen (1), dann auf &raquo;Benutzer&laquo; klicken (2), dann ein St&uuml;ck nach unten scrollen und den Schieberegler mit der Bezeichnung &raquo;Glatte Bewegung verwenden&laquo; deaktivieren.<\/p>\n\n\n\n<div class=\"wp-block-image is-style-default\"><figure class=\"aligncenter size-full\"><img loading=\"lazy\" decoding=\"async\" width=\"769\" height=\"479\" src=\"https:\/\/gsalden.folkwang-uni.de\/wp-content\/uploads\/2022\/04\/smooth-movement.png\" alt=\"\" class=\"wp-image-5225\" srcset=\"https:\/\/gsalden.folkwang-uni.de\/wp-content\/uploads\/2022\/04\/smooth-movement.png 769w, https:\/\/gsalden.folkwang-uni.de\/wp-content\/uploads\/2022\/04\/smooth-movement-350x218.png 350w\" sizes=\"auto, (max-width: 769px) 100vw, 769px\"\/><\/figure><\/div>\n\n\n\n<div style=\"height:80px\" aria-hidden=\"true\" class=\"wp-block-spacer\"><\/div>\n\n\n\n<hr class=\"wp-block-separator\">\n\n\n\n<h5 class=\"wp-block-heading\">Regeln<\/h5>\n\n\n\n<p>Wir m&uuml;ssen alle zusammenarbeiten, um die Ausstellung zu einem gro&szlig;artigen Erlebnis f&uuml;r alle zu machen &ndash; bitte halten Sie sich deshalb an die folgende Regeln.<\/p>\n\n\n\n<h5 class=\"wp-block-heading\">Deaktivieren Sie ihr Mikrophon<\/h5>\n\n\n\n<p>Wie im richtigen Leben k&ouml;nnen Geplapper und andere Ger&auml;usche andere st&ouml;ren, insbesondere w&auml;hrend eines Vortrages. Bitte nehmen Sie daher R&uuml;cksicht auf die anderen Besucher und schalten Ihr Mikrofon aus, bevor Sie einen Raum betreten, in dem eine Event stattfindet (wie das Pina-Bausch-Theater, den Kammermusiksaal oder die Neue Aula).<br>Bewegen Sie dazu Ihre Maus &uuml;ber das K&auml;rtchen mit Ihrem Namen und Avatar. Es sieht wie eines der folgenden Beispiele aus, je nachdem, ob Ihre Kamera ein- oder ausgeschaltet ist. Klicken Sie anschlie&szlig;end auf das kleine Mikrofon-Symbol.<\/p>\n\n\n\n<div class=\"wp-block-image is-style-default\"><figure class=\"aligncenter size-full\"><img loading=\"lazy\" decoding=\"async\" width=\"195\" height=\"133\" src=\"https:\/\/gsalden.folkwang-uni.de\/wp-content\/uploads\/2022\/04\/avatar-card-microphone.png\" alt=\"\" class=\"wp-image-5226\"\/><\/figure><\/div>\n\n\n\n<p>Nat&uuml;rlich k&ouml;nnen Sie Ihr Mikrofon nach dem Event wieder einschalten, vor allem, wenn Sie den Drang versp&uuml;ren zu klatschen.<\/p>\n\n\n\n<h5 class=\"wp-block-heading\">Verwenden Sie Ihren richtigen Namen<\/h5>\n\n\n\n<p>Wenn Sie Ihren richtigen Namen verwenden, k&ouml;nnen Sie die Leute, die Sie kennen, erkennen, was dazu beitr&auml;gt, den Folkwang Campus lebendig zu machen. Sie kannst Ihren Namen jederzeit &auml;ndern, indem Sie zuerst auf Ihren Namen in der Karte unten auf der Registerkarte (1) und dann auf &raquo;Bearbeiten&laquo; klicken (2).<\/p>\n\n\n\n<div class=\"wp-block-image is-style-default\"><figure class=\"aligncenter size-full\"><img loading=\"lazy\" decoding=\"async\" width=\"395\" height=\"444\" src=\"https:\/\/gsalden.folkwang-uni.de\/wp-content\/uploads\/2022\/04\/change-username.png\" alt=\"\" class=\"wp-image-5246\" srcset=\"https:\/\/gsalden.folkwang-uni.de\/wp-content\/uploads\/2022\/04\/change-username.png 395w, https:\/\/gsalden.folkwang-uni.de\/wp-content\/uploads\/2022\/04\/change-username-311x350.png 311w\" sizes=\"auto, (max-width: 395px) 100vw, 395px\"\/><\/figure><\/div>\n","protected":false},"excerpt":{"rendered":"<p>Das Wichtigste in K\u00fcrze Eingeschr\u00e4nkte Funktionalit\u00e4t bei Smartphones Browserunterst\u00fctzung Chrome, Safari, Edge Kopfh\u00f6rer benutzen Mikrofon in Veranstaltungen ausschalten Fragen am Infostand loswerden Rotorangene Bereiche zeigen einen Ortswechsel an Gelbliche Bereiche zeigen Interaktivit\u00e4t an (mit x aktivieren) Zur\u00fccksetzen zum Beginn \u00fcber Ihren Namen unten (Respawn) Tipps zur&nbsp;Nutzung von Gather Bei Fragen Auf dem Campus finden Sie [&hellip;]<\/p>\n","protected":false},"author":1,"featured_media":3207,"parent":0,"menu_order":0,"comment_status":"closed","ping_status":"closed","template":"","meta":{"inline_featured_image":false,"footnotes":""},"class_list":["post-5243","page","type-page","status-publish","has-post-thumbnail","hentry"],"_links":{"self":[{"href":"https:\/\/gsalden.folkwang-uni.de\/index.php\/wp-json\/wp\/v2\/pages\/5243","targetHints":{"allow":["GET"]}}],"collection":[{"href":"https:\/\/gsalden.folkwang-uni.de\/index.php\/wp-json\/wp\/v2\/pages"}],"about":[{"href":"https:\/\/gsalden.folkwang-uni.de\/index.php\/wp-json\/wp\/v2\/types\/page"}],"author":[{"embeddable":true,"href":"https:\/\/gsalden.folkwang-uni.de\/index.php\/wp-json\/wp\/v2\/users\/1"}],"replies":[{"embeddable":true,"href":"https:\/\/gsalden.folkwang-uni.de\/index.php\/wp-json\/wp\/v2\/comments?post=5243"}],"version-history":[{"count":14,"href":"https:\/\/gsalden.folkwang-uni.de\/index.php\/wp-json\/wp\/v2\/pages\/5243\/revisions"}],"predecessor-version":[{"id":7149,"href":"https:\/\/gsalden.folkwang-uni.de\/index.php\/wp-json\/wp\/v2\/pages\/5243\/revisions\/7149"}],"wp:featuredmedia":[{"embeddable":true,"href":"https:\/\/gsalden.folkwang-uni.de\/index.php\/wp-json\/wp\/v2\/media\/3207"}],"wp:attachment":[{"href":"https:\/\/gsalden.folkwang-uni.de\/index.php\/wp-json\/wp\/v2\/media?parent=5243"}],"curies":[{"name":"wp","href":"https:\/\/api.w.org\/{rel}","templated":true}]}}