{"id":5130,"date":"2022-04-10T06:15:11","date_gmt":"2022-04-10T04:15:11","guid":{"rendered":"https:\/\/gsalden.folkwang-uni.de\/?page_id=5130"},"modified":"2022-05-01T05:02:52","modified_gmt":"2022-05-01T03:02:52","slug":"digitale-ausstellung","status":"publish","type":"page","link":"https:\/\/gsalden.folkwang-uni.de\/index.php\/digitale-ausstellung\/","title":{"rendered":"Digitale Ausstellung"},"content":{"rendered":"<div class=\"wp-block-group\"><div class=\"wp-block-group__inner-container is-layout-flow wp-block-group-is-layout-flow\">\n<div style=\"height:70px\" aria-hidden=\"true\" class=\"wp-block-spacer\"><\/div>\n\n\n\n<div class=\"wp-block-buttons is-content-justification-center is-layout-flex wp-container-core-buttons-is-layout-16018d1d wp-block-buttons-is-layout-flex\">\n<div class=\"wp-block-button aligncenter\"><a class=\"wp-block-button__link\" href=\"https:\/\/app.gather.town\/app\/7rmncLDnXyh2ZFc6\/salden-folkwang\" target=\"_blank\" rel=\"noreferrer noopener\">Zur Plattform<\/a><\/div>\n<\/div>\n<\/div><\/div>\n\n\n\n<div style=\"height:70px\" aria-hidden=\"true\" class=\"wp-block-spacer\"><\/div>\n\n\n\n<div style=\"height:25px\" aria-hidden=\"true\" class=\"wp-block-spacer\"><\/div>\n\n\n\n<h2 class=\"has-text-align-center wp-block-heading\" id=\"headline-h2\">Besuch der Ausstellung<br> in Gather.town<\/h2>\n\n\n\n<p>Sch&ouml;n, dass Sie unsere digitale Ausstellung besuchen m&ouml;chten.<br>Wir sind&nbsp;stolz, Ihnen die digitale Ausstellungs-Plattform mit vielen partizipativen und interaktiven Formaten pr&auml;sentieren zu d&uuml;rfen.<br>Die digitale Ausstellung findet &uuml;ber die Plattform <em>Gather.town<\/em> statt. <strong><a rel=\"noreferrer noopener\" href=\"https:\/\/gsalden.folkwang-uni.de\/index.php\/text-informationen-2\/\" target=\"_blank\">Hier<\/a><\/strong>&nbsp;k&ouml;nnen Sie sich weiter &uuml;ber <em>Gather.town<\/em> informieren.<\/p>\n\n\n\n<p>Wir sind auf Ihr Feedback angewiesen und w&uuml;rden uns sehr freuen, wenn Sie uns etwas ins G&auml;stebuch schreiben w&uuml;rden! <br>Das G&auml;stebuch finden Sie <strong><a rel=\"noreferrer noopener\" href=\"https:\/\/gsalden.folkwang-uni.de\/index.php\/gaestebuch\/\" target=\"_blank\">hier<\/a><\/strong>, oder auf der Plattform im Caf&eacute;.<br>F&uuml;r alle weiteren Fragen finden Sie Hilfe auf unserer virtuellen Plattform.<\/p>\n\n\n\n<p class=\"has-text-align-left\"><br>Viel&nbsp;Spa&szlig;!<\/p>\n\n\n\n<div style=\"height:70px\" aria-hidden=\"true\" class=\"wp-block-spacer\"><\/div>\n\n\n\n<div class=\"wp-block-cover alignfull is-light has-parallax\" style=\"background-image:url(https:\/\/gsalden.folkwang-uni.de\/wp-content\/uploads\/2022\/04\/Bildschirmfoto-2022-04-15-um-07.07.04.png);min-height:700px;aspect-ratio:unset;\"><span aria-hidden=\"true\" class=\"has-megaphone-text-background-color has-background-dim-10 wp-block-cover__gradient-background has-background-dim\"><\/span><div class=\"wp-block-cover__inner-container is-layout-flow wp-block-cover-is-layout-flow\">\n<p class=\"has-text-align-center has-large-font-size\"><\/p>\n<\/div><\/div>\n\n\n\n<div style=\"height:50px\" aria-hidden=\"true\" class=\"wp-block-spacer\"><\/div>\n\n\n\n<hr class=\"wp-block-separator is-style-default\">\n\n\n\n<h2 class=\"has-text-align-center wp-block-heading\">Warum Gather Town?<\/h2>\n\n\n<div class=\"mks_progress_bar\"><div class=\"mks_progress_label\">Nutzer*innenfreundlich<span class=\"mks_progress_name\"><\/span><\/div><div class=\"mks_progress_level squared\" style=\"height: 20px; background-color: rgba(243,100,57,0.5);\"><div class=\"mks_progress_level_set\" style=\"width: 80%; background-color: #f36439;\"><\/div><\/div><\/div>\n<div class=\"mks_progress_bar\"><div class=\"mks_progress_label\">Eigenes Design<span class=\"mks_progress_name\"><\/span><\/div><div class=\"mks_progress_level squared\" style=\"height: 20px; background-color: rgba(243,100,57,0.5);\"><div class=\"mks_progress_level_set\" style=\"width: 97%; background-color: #f36439;\"><\/div><\/div><\/div>\n<div class=\"mks_progress_bar\"><div class=\"mks_progress_label\">Interaktiv <span class=\"mks_progress_name\"><\/span><\/div><div class=\"mks_progress_level squared\" style=\"height: 20px; background-color: rgba(243,100,57,0.5);\"><div class=\"mks_progress_level_set\" style=\"width: 95%; background-color: #f36439;\"><\/div><\/div><\/div>\n<div class=\"mks_progress_bar\"><div class=\"mks_progress_label\">Intuitiv<span class=\"mks_progress_name\"><\/span><\/div><div class=\"mks_progress_level squared\" style=\"height: 20px; background-color: rgba(243,100,57,0.5);\"><div class=\"mks_progress_level_set\" style=\"width: 90%; background-color: #f36439;\"><\/div><\/div><\/div>\n\n\n\n<div style=\"height:50px\" aria-hidden=\"true\" class=\"wp-block-spacer\"><\/div>\n\n\n\n<hr class=\"wp-block-separator is-style-default\">\n\n\n\n<h2 class=\"has-text-align-center wp-block-heading\">&#xA0;Benutzung?<\/h2>\n\n\n\n<h5 class=\"has-text-align-left wp-block-heading\">01 Richtige Hard- und Software benutzen<\/h5>\n\n\n\n<p>Um Ihr digitales Erlebnis nicht einzuschr&auml;nken, benutzen Sie bitte ein PC\/Laptop und den Google Chrome Browser.<\/p>\n\n\n\n<h5 class=\"has-text-align-left wp-block-heading\">02 Vollst&#xE4;ndigen Namen eingeben<\/h5>\n\n\n\n<p>Bitte geben Sie Ihren vollst&auml;ndigen Vor- und Nachname ein. Unbekannte oder Besucher:innen mit Nicknames werden unmittelbar entfernt.<\/p>\n\n\n\n<h5 class=\"wp-block-heading\">03 Ihren Avatar personalisieren und loslegen<\/h5>\n\n\n\n<p>Personalisieren Sie Ihren Avatar und legen Sie los. Benutzen Sie die Pfeiltasten um sich zu bewegen und Taste x als Interaktionstaste.<\/p>\n\n\n\n<p><br>Weitere Informationen folgen auf der Plattform.<\/p>\n","protected":false},"excerpt":{"rendered":"<p>Besuch der Ausstellung in Gather.town Sch\u00f6n, dass Sie unsere digitale Ausstellung besuchen m\u00f6chten.Wir sind&nbsp;stolz, Ihnen die digitale Ausstellungs-Plattform mit vielen partizipativen und interaktiven Formaten pr\u00e4sentieren zu d\u00fcrfen.Die digitale Ausstellung findet \u00fcber die Plattform Gather.town statt. Hier&nbsp;k\u00f6nnen Sie sich weiter \u00fcber Gather.town informieren. Wir sind auf Ihr Feedback angewiesen und w\u00fcrden uns sehr freuen, wenn Sie [&hellip;]<\/p>\n","protected":false},"author":1,"featured_media":3207,"parent":0,"menu_order":0,"comment_status":"closed","ping_status":"closed","template":"","meta":{"inline_featured_image":false,"footnotes":""},"class_list":["post-5130","page","type-page","status-publish","has-post-thumbnail","hentry"],"_links":{"self":[{"href":"https:\/\/gsalden.folkwang-uni.de\/index.php\/wp-json\/wp\/v2\/pages\/5130","targetHints":{"allow":["GET"]}}],"collection":[{"href":"https:\/\/gsalden.folkwang-uni.de\/index.php\/wp-json\/wp\/v2\/pages"}],"about":[{"href":"https:\/\/gsalden.folkwang-uni.de\/index.php\/wp-json\/wp\/v2\/types\/page"}],"author":[{"embeddable":true,"href":"https:\/\/gsalden.folkwang-uni.de\/index.php\/wp-json\/wp\/v2\/users\/1"}],"replies":[{"embeddable":true,"href":"https:\/\/gsalden.folkwang-uni.de\/index.php\/wp-json\/wp\/v2\/comments?post=5130"}],"version-history":[{"count":78,"href":"https:\/\/gsalden.folkwang-uni.de\/index.php\/wp-json\/wp\/v2\/pages\/5130\/revisions"}],"predecessor-version":[{"id":7142,"href":"https:\/\/gsalden.folkwang-uni.de\/index.php\/wp-json\/wp\/v2\/pages\/5130\/revisions\/7142"}],"wp:featuredmedia":[{"embeddable":true,"href":"https:\/\/gsalden.folkwang-uni.de\/index.php\/wp-json\/wp\/v2\/media\/3207"}],"wp:attachment":[{"href":"https:\/\/gsalden.folkwang-uni.de\/index.php\/wp-json\/wp\/v2\/media?parent=5130"}],"curies":[{"name":"wp","href":"https:\/\/api.w.org\/{rel}","templated":true}]}}