{"id":3229,"date":"2021-12-20T02:43:36","date_gmt":"2021-12-20T01:43:36","guid":{"rendered":"https:\/\/gsalden.folkwang-uni.de\/?page_id=3229"},"modified":"2022-05-01T07:37:54","modified_gmt":"2022-05-01T05:37:54","slug":"konferenz","status":"publish","type":"page","link":"https:\/\/gsalden.folkwang-uni.de\/index.php\/konferenz\/","title":{"rendered":"Konferenz"},"content":{"rendered":"<p>Vom 05. bis zum 06. Mai 2022 finden in der ehemaligen Aula der Folkwangschule, dem heutigen Pina-Bausch-Theater in der Benediktiner-Abtei in Essen Werden, Vortr\u00e4ge, Inszenierungen und Podiumsdiskussionen statt. Georg und Helmut Saldens Geschichten und deren Studien- und Lehrzeit an der  Folkwangschule stellen den thematischen Rahmen dar.<\/p>\n\n\n\n<p class=\"einzug\">Es erwarten Sie spannende Vortr\u00e4ge von Expert*innen, Inszenierungen von Texten und Theaterst\u00fccken aus dem Studien-Umfeld der Protagonisten und Vieles mehr. In Vortr\u00e4gen von G\u00e4sten wie Ludwig \u00dcbele, Mathieu Lommen oder Rickey Tax erhalten Sie einen exklusiven Einblick in das Leben und Schaffen von Helmut und Georg Salden. Die Beitr\u00e4ge der Konferenz werden als Youtube-Premieren in die digitale Vernissage in Gather.town gestreamt. Sie finden alle Programmpunkte auch in unserem Programm.<\/p>\n\n\n\n<p><\/p>\n","protected":false},"excerpt":{"rendered":"<p>Vom 05. bis zum 06. Mai 2022 finden in der ehemaligen Aula der Folkwangschule, dem heutigen Pina-Bausch-Theater in der Benediktiner-Abtei in Essen Werden, Vortr\u00e4ge, Inszenierungen und Podiumsdiskussionen statt. Georg und Helmut Saldens Geschichten und deren Studien- und Lehrzeit an der Folkwangschule stellen den thematischen Rahmen dar. Es erwarten Sie spannende Vortr\u00e4ge von Expert*innen, Inszenierungen von [&hellip;]<\/p>\n","protected":false},"author":1,"featured_media":3207,"parent":0,"menu_order":0,"comment_status":"closed","ping_status":"closed","template":"","meta":{"inline_featured_image":false,"footnotes":""},"class_list":["post-3229","page","type-page","status-publish","has-post-thumbnail","hentry"],"_links":{"self":[{"href":"https:\/\/gsalden.folkwang-uni.de\/index.php\/wp-json\/wp\/v2\/pages\/3229","targetHints":{"allow":["GET"]}}],"collection":[{"href":"https:\/\/gsalden.folkwang-uni.de\/index.php\/wp-json\/wp\/v2\/pages"}],"about":[{"href":"https:\/\/gsalden.folkwang-uni.de\/index.php\/wp-json\/wp\/v2\/types\/page"}],"author":[{"embeddable":true,"href":"https:\/\/gsalden.folkwang-uni.de\/index.php\/wp-json\/wp\/v2\/users\/1"}],"replies":[{"embeddable":true,"href":"https:\/\/gsalden.folkwang-uni.de\/index.php\/wp-json\/wp\/v2\/comments?post=3229"}],"version-history":[{"count":128,"href":"https:\/\/gsalden.folkwang-uni.de\/index.php\/wp-json\/wp\/v2\/pages\/3229\/revisions"}],"predecessor-version":[{"id":7181,"href":"https:\/\/gsalden.folkwang-uni.de\/index.php\/wp-json\/wp\/v2\/pages\/3229\/revisions\/7181"}],"wp:featuredmedia":[{"embeddable":true,"href":"https:\/\/gsalden.folkwang-uni.de\/index.php\/wp-json\/wp\/v2\/media\/3207"}],"wp:attachment":[{"href":"https:\/\/gsalden.folkwang-uni.de\/index.php\/wp-json\/wp\/v2\/media?parent=3229"}],"curies":[{"name":"wp","href":"https:\/\/api.w.org\/{rel}","templated":true}]}}